{"id":40,"date":"2020-10-13T17:17:30","date_gmt":"2020-10-13T17:17:30","guid":{"rendered":"https:\/\/expert-themes.com\/newwp\/emarat\/?page_id=40"},"modified":"2025-03-20T14:12:09","modified_gmt":"2025-03-20T14:12:09","slug":"kontakt","status":"publish","type":"page","link":"https:\/\/alzoubi-malermeisterbetrieb.de\/?page_id=40","title":{"rendered":"Kontakt"},"content":{"rendered":"<!--Contact Form Section-->\n\n<section><!--Title Box-->\nHinterlasse eine Nachricht\n<h2>Sie haben Fragen?<\/h2>\nVielen Dank f\u00fcr das Interesse an unseren Leistungen. Wir freuen uns sehr, Sie in jeder Hinsicht Beraten zu d\u00fcrfen.\n<!--Contact Form-->\n\n<form action=\"\/wp-admin\/admin-ajax.php#wpcf7-f7-o1\" method=\"post\" novalidate=\"novalidate\" aria-label=\"Kontaktformular\" data-status=\"init\"><input name=\"_wpcf7\" type=\"hidden\" value=\"7\" \/>\n<input name=\"_wpcf7_version\" type=\"hidden\" value=\"5.7.7\" \/>\n<input name=\"_wpcf7_locale\" type=\"hidden\" value=\"de_DE\" \/>\n<input name=\"_wpcf7_unit_tag\" type=\"hidden\" value=\"wpcf7-f7-o1\" \/>\n<input name=\"_wpcf7_container_post\" type=\"hidden\" value=\"0\" \/>\n<input name=\"_wpcf7_posted_data_hash\" type=\"hidden\" value=\"\" \/><\/form><label> Dein Name\n<input autocomplete=\"name\" name=\"your-name\" size=\"40\" type=\"text\" value=\"\" aria-required=\"true\" aria-invalid=\"false\" \/> <\/label>\n\n<label> Deine E-Mail-Adresse\n<input autocomplete=\"email\" name=\"your-email\" size=\"40\" type=\"email\" value=\"\" aria-required=\"true\" aria-invalid=\"false\" \/> <\/label>\n\n<label> Betreff\n<input name=\"your-subject\" size=\"40\" type=\"text\" value=\"\" aria-required=\"true\" aria-invalid=\"false\" \/> <\/label>\n\n<label> Deine Nachricht (optional)\n<textarea cols=\"40\" name=\"your-message\" rows=\"10\" aria-invalid=\"false\"><\/textarea> <\/label>\n\n<input type=\"submit\" value=\"Senden\" \/>\n\n<\/section>Kontaktieren Sie uns\n<h2>Der erste Austausch<\/h2>\nWir freuen uns \u00fcber einen Austausch Ihrer W\u00fcnsche oder Fragen. Sie k\u00f6nnen uns auf unterschiedlichste Arten Erreichen:\n<ul>\n \t<li>Rufen Sie an +49 176 6123 3657<\/li>\n \t<li>info@alzoubi-malermeisterbetrieb.de<\/li>\n \t<li>Erreichbar von 07:00 Uhr &#8211; 18:00 Uhr<\/li>\n<\/ul>\n<!--Map Column-->\n<!--Map Outer-->\n<!--Map Canvas-->\n\n<!-- End Contact Page Info Section -->","protected":false},"excerpt":{"rendered":"<p>Hinterlasse eine Nachricht Sie haben Fragen? Vielen Dank f\u00fcr das Interesse an unseren Leistungen. Wir freuen uns sehr, Sie in [&hellip;]<\/p>\n","protected":false},"author":2,"featured_media":0,"parent":0,"menu_order":0,"comment_status":"closed","ping_status":"closed","template":"","meta":{"site-sidebar-layout":"default","site-content-layout":"","ast-site-content-layout":"","site-content-style":"default","site-sidebar-style":"default","ast-global-header-display":"","ast-banner-title-visibility":"","ast-main-header-display":"","ast-hfb-above-header-display":"","ast-hfb-below-header-display":"","ast-hfb-mobile-header-display":"","site-post-title":"","ast-breadcrumbs-content":"","ast-featured-img":"","footer-sml-layout":"","theme-transparent-header-meta":"","adv-header-id-meta":"","stick-header-meta":"","header-above-stick-meta":"","header-main-stick-meta":"","header-below-stick-meta":"","astra-migrate-meta-layouts":"default","ast-page-background-enabled":"default","ast-page-background-meta":{"desktop":{"background-color":"var(--ast-global-color-5)","background-image":"","background-repeat":"repeat","background-position":"center center","background-size":"auto","background-attachment":"scroll","background-type":"","background-media":"","overlay-type":"","overlay-color":"","overlay-opacity":"","overlay-gradient":""},"tablet":{"background-color":"","background-image":"","background-repeat":"repeat","background-position":"center center","background-size":"auto","background-attachment":"scroll","background-type":"","background-media":"","overlay-type":"","overlay-color":"","overlay-opacity":"","overlay-gradient":""},"mobile":{"background-color":"","background-image":"","background-repeat":"repeat","background-position":"center center","background-size":"auto","background-attachment":"scroll","background-type":"","background-media":"","overlay-type":"","overlay-color":"","overlay-opacity":"","overlay-gradient":""}},"ast-content-background-meta":{"desktop":{"background-color":"var(--ast-global-color-4)","background-image":"","background-repeat":"repeat","background-position":"center center","background-size":"auto","background-attachment":"scroll","background-type":"","background-media":"","overlay-type":"","overlay-color":"","overlay-opacity":"","overlay-gradient":""},"tablet":{"background-color":"var(--ast-global-color-4)","background-image":"","background-repeat":"repeat","background-position":"center center","background-size":"auto","background-attachment":"scroll","background-type":"","background-media":"","overlay-type":"","overlay-color":"","overlay-opacity":"","overlay-gradient":""},"mobile":{"background-color":"var(--ast-global-color-4)","background-image":"","background-repeat":"repeat","background-position":"center center","background-size":"auto","background-attachment":"scroll","background-type":"","background-media":"","overlay-type":"","overlay-color":"","overlay-opacity":"","overlay-gradient":""}},"footnotes":""},"class_list":["post-40","page","type-page","status-publish","hentry"],"_links":{"self":[{"href":"https:\/\/alzoubi-malermeisterbetrieb.de\/index.php?rest_route=\/wp\/v2\/pages\/40","targetHints":{"allow":["GET"]}}],"collection":[{"href":"https:\/\/alzoubi-malermeisterbetrieb.de\/index.php?rest_route=\/wp\/v2\/pages"}],"about":[{"href":"https:\/\/alzoubi-malermeisterbetrieb.de\/index.php?rest_route=\/wp\/v2\/types\/page"}],"author":[{"embeddable":true,"href":"https:\/\/alzoubi-malermeisterbetrieb.de\/index.php?rest_route=\/wp\/v2\/users\/2"}],"replies":[{"embeddable":true,"href":"https:\/\/alzoubi-malermeisterbetrieb.de\/index.php?rest_route=%2Fwp%2Fv2%2Fcomments&post=40"}],"version-history":[{"count":17,"href":"https:\/\/alzoubi-malermeisterbetrieb.de\/index.php?rest_route=\/wp\/v2\/pages\/40\/revisions"}],"predecessor-version":[{"id":2699,"href":"https:\/\/alzoubi-malermeisterbetrieb.de\/index.php?rest_route=\/wp\/v2\/pages\/40\/revisions\/2699"}],"wp:attachment":[{"href":"https:\/\/alzoubi-malermeisterbetrieb.de\/index.php?rest_route=%2Fwp%2Fv2%2Fmedia&parent=40"}],"curies":[{"name":"wp","href":"https:\/\/api.w.org\/{rel}","templated":true}]}}