{"id":2402,"date":"2023-05-15T07:48:56","date_gmt":"2023-05-15T07:48:56","guid":{"rendered":"http:\/\/alzoubi-baudienstleistungen.de\/?page_id=2402"},"modified":"2025-03-20T14:25:44","modified_gmt":"2025-03-20T14:25:44","slug":"partner","status":"publish","type":"page","link":"https:\/\/alzoubi-malermeisterbetrieb.de\/?page_id=2402","title":{"rendered":"Partner"},"content":{"rendered":"\n<h2 class=\"wp-block-heading\">Unsere Partner:<\/h2>\n\n\n\n<div class=\"wp-block-media-text is-stacked-on-mobile\" style=\"grid-template-columns:35% auto\"><figure class=\"wp-block-media-text__media\"><img loading=\"lazy\" decoding=\"async\" width=\"640\" height=\"480\" src=\"https:\/\/alzoubi-malermeisterbetrieb.de\/wp-content\/uploads\/2025\/03\/sto-se-co-kgaa_19391882_fw640h480_ulm-donau.webp\" alt=\"\" class=\"wp-image-2706 size-full\" srcset=\"https:\/\/alzoubi-malermeisterbetrieb.de\/wp-content\/uploads\/2025\/03\/sto-se-co-kgaa_19391882_fw640h480_ulm-donau.webp 640w, https:\/\/alzoubi-malermeisterbetrieb.de\/wp-content\/uploads\/2025\/03\/sto-se-co-kgaa_19391882_fw640h480_ulm-donau-300x225.webp 300w\" sizes=\"auto, (max-width: 640px) 100vw, 640px\" \/><\/figure><div class=\"wp-block-media-text__content\">\n<ul class=\"wp-block-list\">\n<li>STO<\/li>\n<\/ul>\n\n\n\n<p>Hersteller von Farben, Putzen, Lacke\u00a0und Beschichtungssystemen sowie W\u00e4rmed\u00e4mmerbundsysteme Weitere Schwerpunkte sind Betoninstandsetzung, Bodenbeschichtungen, Akustik- und vorgeh\u00e4ngte Fassadensysteme<\/p>\n<\/div><\/div>\n\n\n\n<hr class=\"wp-block-separator has-alpha-channel-opacity\"\/>\n\n\n\n<div class=\"wp-block-media-text is-stacked-on-mobile\" style=\"grid-template-columns:36% auto\"><figure class=\"wp-block-media-text__media\"><img loading=\"lazy\" decoding=\"async\" width=\"1024\" height=\"538\" src=\"https:\/\/alzoubi-malermeisterbetrieb.de\/wp-content\/uploads\/2025\/03\/jedele-og-image-1024x538.jpg\" alt=\"\" class=\"wp-image-2709 size-full\" srcset=\"https:\/\/alzoubi-malermeisterbetrieb.de\/wp-content\/uploads\/2025\/03\/jedele-og-image-1024x538.jpg 1024w, https:\/\/alzoubi-malermeisterbetrieb.de\/wp-content\/uploads\/2025\/03\/jedele-og-image-300x158.jpg 300w, https:\/\/alzoubi-malermeisterbetrieb.de\/wp-content\/uploads\/2025\/03\/jedele-og-image-768x403.jpg 768w, https:\/\/alzoubi-malermeisterbetrieb.de\/wp-content\/uploads\/2025\/03\/jedele-og-image.jpg 1200w\" sizes=\"auto, (max-width: 1024px) 100vw, 1024px\" \/><\/figure><div class=\"wp-block-media-text__content\">\n<ul class=\"wp-block-list\">\n<li>Jedele<\/li>\n<\/ul>\n\n\n\n<p>Farben, Tapeten, Bodenbel\u00e4ge und Heimtextilien sowie Handwerkerbedarf und Holzveredelungen<\/p>\n<\/div><\/div>\n\n\n\n<hr class=\"wp-block-separator has-alpha-channel-opacity\"\/>\n\n\n\n<div class=\"wp-block-media-text is-stacked-on-mobile\" style=\"grid-template-columns:36% auto\"><figure class=\"wp-block-media-text__media\"><img loading=\"lazy\" decoding=\"async\" width=\"1024\" height=\"238\" src=\"https:\/\/alzoubi-malermeisterbetrieb.de\/wp-content\/uploads\/2025\/03\/Raab_Karcher_Logo_Februar_2021.svg_-1024x238.png\" alt=\"\" class=\"wp-image-2712 size-full\" srcset=\"https:\/\/alzoubi-malermeisterbetrieb.de\/wp-content\/uploads\/2025\/03\/Raab_Karcher_Logo_Februar_2021.svg_-1024x238.png 1024w, https:\/\/alzoubi-malermeisterbetrieb.de\/wp-content\/uploads\/2025\/03\/Raab_Karcher_Logo_Februar_2021.svg_-300x70.png 300w, https:\/\/alzoubi-malermeisterbetrieb.de\/wp-content\/uploads\/2025\/03\/Raab_Karcher_Logo_Februar_2021.svg_-768x178.png 768w, https:\/\/alzoubi-malermeisterbetrieb.de\/wp-content\/uploads\/2025\/03\/Raab_Karcher_Logo_Februar_2021.svg_-1536x356.png 1536w, https:\/\/alzoubi-malermeisterbetrieb.de\/wp-content\/uploads\/2025\/03\/Raab_Karcher_Logo_Februar_2021.svg_-2048x475.png 2048w\" sizes=\"auto, (max-width: 1024px) 100vw, 1024px\" \/><\/figure><div class=\"wp-block-media-text__content\">\n<ul class=\"wp-block-list\">\n<li>Raab Karcher<\/li>\n<\/ul>\n\n\n\n<p>Produkte f\u00fcr Rohbau, Ausbau und Dach, Fliesen, Bodenbel\u00e4ge und Baustoffe<\/p>\n<\/div><\/div>\n","protected":false},"excerpt":{"rendered":"<p>Unsere Partner:<\/p>\n","protected":false},"author":2,"featured_media":0,"parent":0,"menu_order":0,"comment_status":"closed","ping_status":"closed","template":"","meta":{"site-sidebar-layout":"default","site-content-layout":"","ast-site-content-layout":"","site-content-style":"default","site-sidebar-style":"default","ast-global-header-display":"","ast-banner-title-visibility":"","ast-main-header-display":"","ast-hfb-above-header-display":"","ast-hfb-below-header-display":"","ast-hfb-mobile-header-display":"","site-post-title":"disabled","ast-breadcrumbs-content":"","ast-featured-img":"","footer-sml-layout":"","theme-transparent-header-meta":"","adv-header-id-meta":"","stick-header-meta":"","header-above-stick-meta":"","header-main-stick-meta":"","header-below-stick-meta":"","astra-migrate-meta-layouts":"default","ast-page-background-enabled":"default","ast-page-background-meta":{"desktop":{"background-color":"var(--ast-global-color-5)","background-image":"","background-repeat":"repeat","background-position":"center center","background-size":"auto","background-attachment":"scroll","background-type":"","background-media":"","overlay-type":"","overlay-color":"","overlay-opacity":"","overlay-gradient":""},"tablet":{"background-color":"","background-image":"","background-repeat":"repeat","background-position":"center center","background-size":"auto","background-attachment":"scroll","background-type":"","background-media":"","overlay-type":"","overlay-color":"","overlay-opacity":"","overlay-gradient":""},"mobile":{"background-color":"","background-image":"","background-repeat":"repeat","background-position":"center center","background-size":"auto","background-attachment":"scroll","background-type":"","background-media":"","overlay-type":"","overlay-color":"","overlay-opacity":"","overlay-gradient":""}},"ast-content-background-meta":{"desktop":{"background-color":"var(--ast-global-color-4)","background-image":"","background-repeat":"repeat","background-position":"center center","background-size":"auto","background-attachment":"scroll","background-type":"","background-media":"","overlay-type":"","overlay-color":"","overlay-opacity":"","overlay-gradient":""},"tablet":{"background-color":"var(--ast-global-color-4)","background-image":"","background-repeat":"repeat","background-position":"center center","background-size":"auto","background-attachment":"scroll","background-type":"","background-media":"","overlay-type":"","overlay-color":"","overlay-opacity":"","overlay-gradient":""},"mobile":{"background-color":"var(--ast-global-color-4)","background-image":"","background-repeat":"repeat","background-position":"center center","background-size":"auto","background-attachment":"scroll","background-type":"","background-media":"","overlay-type":"","overlay-color":"","overlay-opacity":"","overlay-gradient":""}},"footnotes":""},"class_list":["post-2402","page","type-page","status-publish","hentry"],"_links":{"self":[{"href":"https:\/\/alzoubi-malermeisterbetrieb.de\/index.php?rest_route=\/wp\/v2\/pages\/2402","targetHints":{"allow":["GET"]}}],"collection":[{"href":"https:\/\/alzoubi-malermeisterbetrieb.de\/index.php?rest_route=\/wp\/v2\/pages"}],"about":[{"href":"https:\/\/alzoubi-malermeisterbetrieb.de\/index.php?rest_route=\/wp\/v2\/types\/page"}],"author":[{"embeddable":true,"href":"https:\/\/alzoubi-malermeisterbetrieb.de\/index.php?rest_route=\/wp\/v2\/users\/2"}],"replies":[{"embeddable":true,"href":"https:\/\/alzoubi-malermeisterbetrieb.de\/index.php?rest_route=%2Fwp%2Fv2%2Fcomments&post=2402"}],"version-history":[{"count":6,"href":"https:\/\/alzoubi-malermeisterbetrieb.de\/index.php?rest_route=\/wp\/v2\/pages\/2402\/revisions"}],"predecessor-version":[{"id":2717,"href":"https:\/\/alzoubi-malermeisterbetrieb.de\/index.php?rest_route=\/wp\/v2\/pages\/2402\/revisions\/2717"}],"wp:attachment":[{"href":"https:\/\/alzoubi-malermeisterbetrieb.de\/index.php?rest_route=%2Fwp%2Fv2%2Fmedia&parent=2402"}],"curies":[{"name":"wp","href":"https:\/\/api.w.org\/{rel}","templated":true}]}}