{"id":16,"date":"2020-10-13T17:05:42","date_gmt":"2020-10-13T17:05:42","guid":{"rendered":"https:\/\/expert-themes.com\/newwp\/emarat\/?page_id=16"},"modified":"2025-03-20T17:36:33","modified_gmt":"2025-03-20T17:36:33","slug":"homepage-one","status":"publish","type":"page","link":"https:\/\/alzoubi-malermeisterbetrieb.de\/","title":{"rendered":"Startseite"},"content":{"rendered":"\n<div class=\"wp-block-themepunch-revslider revslider\" data-modal=\"false\" data-slidertitle=\"Home 02\" style=\"\">\n\t\t\t<!-- START Home 02 REVOLUTION SLIDER 6.6.7 --><p class=\"rs-p-wp-fix\"><\/p>\n\t\t\t<rs-module-wrap id=\"rev_slider_2_1_wrapper\" data-source=\"gallery\" style=\"visibility:hidden;background:transparent;padding:0;margin:0px auto;margin-top:0;margin-bottom:0;\">\n\t\t\t\t<rs-module id=\"rev_slider_2_1\" style=\"\" data-version=\"6.6.7\">\n\t\t\t\t\t<rs-slides style=\"overflow: hidden; position: absolute;\">\n\t\t\t\t\t\t<rs-slide style=\"position: absolute;\" data-key=\"rs-12\" data-title=\"Slide\" data-in=\"o:0;\" data-out=\"a:false;\">\n\t\t\t\t\t\t\t<img decoding=\"async\" src=\"\/\/alzoubi-malermeisterbetrieb.de\/wp-content\/plugins\/revslider\/public\/assets\/assets\/dummy.png\" alt=\"Slide\" title=\"Startseite\" class=\"rev-slidebg tp-rs-img rs-lazyload\" data-lazyload=\"\/\/alzoubi-malermeisterbetrieb.de\/wp-content\/plugins\/revslider\/public\/assets\/assets\/transparent.png\" data-parallax=\"off\" data-no-retina>\n<!--\n\t\t\t\t\t\t\t--><rs-layer\n\t\t\t\t\t\t\t\tid=\"slider-2-slide-12-layer-2\" \n\t\t\t\t\t\t\t\tdata-type=\"image\"\n\t\t\t\t\t\t\t\tdata-rsp_ch=\"on\"\n\t\t\t\t\t\t\t\tdata-xy=\"xo:-112px,-98px,-72px,-44px;yo:-158px,-138px,-102px,-62px;\"\n\t\t\t\t\t\t\t\tdata-text=\"w:normal;s:20,17,12,7;l:0,21,15,9;\"\n\t\t\t\t\t\t\t\tdata-dim=\"w:1534px,1342px,994px,613px;h:1107px,968px,717px,442px;\"\n\t\t\t\t\t\t\t\tdata-frame_999=\"o:0;st:w;sR:8700;\"\n\t\t\t\t\t\t\t\tstyle=\"z-index:6;\"\n\t\t\t\t\t\t\t><img decoding=\"async\" src=\"\/\/alzoubi-malermeisterbetrieb.de\/wp-content\/plugins\/revslider\/public\/assets\/assets\/dummy.png\" alt=\"\" class=\"tp-rs-img rs-lazyload\" width=\"1284\" height=\"927\" data-lazyload=\"\/\/alzoubi-malermeisterbetrieb.de\/wp-content\/uploads\/2025\/03\/alzoooubi.jpg\" data-no-retina> \n\t\t\t\t\t\t\t<\/rs-layer><!--\n\n\t\t\t\t\t\t\t--><rs-layer\n\t\t\t\t\t\t\t\tid=\"slider-2-slide-12-layer-4\" \n\t\t\t\t\t\t\t\tdata-type=\"text\"\n\t\t\t\t\t\t\t\tdata-color=\"#fff\"\n\t\t\t\t\t\t\t\tdata-bsh=\"v:10px,8px,5px,3px;b:10px,8px,5px,3px;\"\n\t\t\t\t\t\t\t\tdata-rsp_ch=\"on\"\n\t\t\t\t\t\t\t\tdata-xy=\"xo:57px,49px,36px,22px;yo:473px,413px,306px,188px;\"\n\t\t\t\t\t\t\t\tdata-text=\"w:normal;s:80,70,51,31;l:90,78,57,35;fw:200;\"\n\t\t\t\t\t\t\t\tdata-dim=\"minh:0px,none,none,none;\"\n\t\t\t\t\t\t\t\tdata-frame_1=\"st:630;sR:630;\"\n\t\t\t\t\t\t\t\tdata-frame_999=\"o:0;st:w;sR:8070;\"\n\t\t\t\t\t\t\t\tstyle=\"z-index:7;background-color:#0c0c0c;font-family:'Noto Sans';\"\n\t\t\t\t\t\t\t>WILLKOMMEN BEI DER \n\t\t\t\t\t\t\t<\/rs-layer><!--\n\n\t\t\t\t\t\t\t--><rs-layer\n\t\t\t\t\t\t\t\tid=\"slider-2-slide-12-layer-22\" \n\t\t\t\t\t\t\t\tdata-type=\"text\"\n\t\t\t\t\t\t\t\tdata-color=\"#fff\"\n\t\t\t\t\t\t\t\tdata-rsp_ch=\"on\"\n\t\t\t\t\t\t\t\tdata-xy=\"xo:60px,52px,38px,23px;yo:572px,500px,370px,228px;\"\n\t\t\t\t\t\t\t\tdata-text=\"w:normal;s:60,52,38,23;l:90,78,57,35;fw:200;\"\n\t\t\t\t\t\t\t\tdata-dim=\"minh:0px,none,none,none;\"\n\t\t\t\t\t\t\t\tdata-frame_1=\"st:1620;sR:1620;\"\n\t\t\t\t\t\t\t\tdata-frame_999=\"o:0;st:w;sR:7080;\"\n\t\t\t\t\t\t\t\tstyle=\"z-index:8;background-color:#939393;font-family:'Montserrat';\"\n\t\t\t\t\t\t\t>AL ZOUBI MALERMEISTERBETRIEB <br \/>\nGMBH \n\t\t\t\t\t\t\t<\/rs-layer><!--\n-->\t\t\t\t\t\t<\/rs-slide>\n\t\t\t\t\t\t<rs-slide style=\"position: absolute;\" data-key=\"rs-16\" data-title=\"Slide\" data-in=\"o:0;\" data-out=\"a:false;\">\n\t\t\t\t\t\t\t<img decoding=\"async\" src=\"\/\/alzoubi-malermeisterbetrieb.de\/wp-content\/plugins\/revslider\/public\/assets\/assets\/dummy.png\" alt=\"Slide\" title=\"Startseite\" class=\"rev-slidebg tp-rs-img rs-lazyload\" data-lazyload=\"\/\/alzoubi-malermeisterbetrieb.de\/wp-content\/plugins\/revslider\/public\/assets\/assets\/transparent.png\" data-parallax=\"off\" data-no-retina>\n<!--\n\t\t\t\t\t\t\t--><rs-layer\n\t\t\t\t\t\t\t\tid=\"slider-2-slide-16-layer-1\" \n\t\t\t\t\t\t\t\tdata-type=\"image\"\n\t\t\t\t\t\t\t\tdata-rsp_ch=\"on\"\n\t\t\t\t\t\t\t\tdata-xy=\"xo:-339px,-289px,-219px,-135px;yo:-33px,-28px,-21px,-12px;\"\n\t\t\t\t\t\t\t\tdata-text=\"w:normal;s:20,17,12,7;l:0,21,15,9;\"\n\t\t\t\t\t\t\t\tdata-dim=\"w:1681px,1434px,1089px,671px;h:1261px,1076px,817px,504px;\"\n\t\t\t\t\t\t\t\tdata-frame_999=\"o:0;st:w;\"\n\t\t\t\t\t\t\t\tstyle=\"z-index:5;\"\n\t\t\t\t\t\t\t><img decoding=\"async\" src=\"\/\/alzoubi-malermeisterbetrieb.de\/wp-content\/plugins\/revslider\/public\/assets\/assets\/dummy.png\" alt=\"\" class=\"tp-rs-img rs-lazyload\" width=\"2560\" height=\"1920\" data-lazyload=\"\/\/alzoubi-malermeisterbetrieb.de\/wp-content\/uploads\/2025\/03\/IMG_2914-1-scaled.jpeg\" data-no-retina> \n\t\t\t\t\t\t\t<\/rs-layer><!--\n\n\t\t\t\t\t\t\t--><rs-layer\n\t\t\t\t\t\t\t\tid=\"slider-2-slide-16-layer-3\" \n\t\t\t\t\t\t\t\tdata-type=\"text\"\n\t\t\t\t\t\t\t\tdata-color=\"#fff\"\n\t\t\t\t\t\t\t\tdata-rsp_ch=\"on\"\n\t\t\t\t\t\t\t\tdata-xy=\"xo:22px,18px,13px,8px;yo:756px,645px,490px,302px;\"\n\t\t\t\t\t\t\t\tdata-text=\"w:normal;s:61,52,39,24;l:68,58,44,27;fw:100;\"\n\t\t\t\t\t\t\t\tdata-dim=\"w:578,493,374,230;minh:0,none,none,none;\"\n\t\t\t\t\t\t\t\tdata-frame_999=\"o:0;st:w;\"\n\t\t\t\t\t\t\t\tstyle=\"z-index:6;font-family:'Noto Sans JP';\"\n\t\t\t\t\t\t\t>Bodenbelagsarbeiten   \n\t\t\t\t\t\t\t<\/rs-layer><!--\n-->\t\t\t\t\t\t<\/rs-slide>\n\t\t\t\t\t\t<rs-slide style=\"position: absolute;\" data-key=\"rs-17\" data-title=\"Slide\" data-in=\"o:0;\" data-out=\"a:false;\">\n\t\t\t\t\t\t\t<img decoding=\"async\" src=\"\/\/alzoubi-malermeisterbetrieb.de\/wp-content\/plugins\/revslider\/public\/assets\/assets\/dummy.png\" alt=\"Slide\" title=\"Startseite\" class=\"rev-slidebg tp-rs-img rs-lazyload\" data-lazyload=\"\/\/alzoubi-malermeisterbetrieb.de\/wp-content\/plugins\/revslider\/public\/assets\/assets\/transparent.png\" data-parallax=\"off\" data-no-retina>\n<!--\n\t\t\t\t\t\t\t--><rs-layer\n\t\t\t\t\t\t\t\tid=\"slider-2-slide-17-layer-7\" \n\t\t\t\t\t\t\t\tdata-type=\"image\"\n\t\t\t\t\t\t\t\tdata-rsp_ch=\"on\"\n\t\t\t\t\t\t\t\tdata-xy=\"xo:-162px,-141px,-104px,-64px;yo:-75px,-65px,-48px,-29px;\"\n\t\t\t\t\t\t\t\tdata-text=\"w:normal;s:20,17,12,7;l:0,21,15,9;\"\n\t\t\t\t\t\t\t\tdata-dim=\"w:1643px,1437px,1064px,656px;h:1145px,1001px,741px,457px;\"\n\t\t\t\t\t\t\t\tdata-frame_999=\"o:0;st:w;\"\n\t\t\t\t\t\t\t\tstyle=\"z-index:5;\"\n\t\t\t\t\t\t\t><img decoding=\"async\" src=\"\/\/alzoubi-malermeisterbetrieb.de\/wp-content\/plugins\/revslider\/public\/assets\/assets\/dummy.png\" alt=\"\" class=\"tp-rs-img rs-lazyload\" width=\"1284\" height=\"895\" data-lazyload=\"\/\/alzoubi-malermeisterbetrieb.de\/wp-content\/uploads\/2025\/03\/alzoubi-1.jpg\" data-no-retina> \n\t\t\t\t\t\t\t<\/rs-layer><!--\n\n\t\t\t\t\t\t\t--><rs-layer\n\t\t\t\t\t\t\t\tid=\"slider-2-slide-17-layer-21\" \n\t\t\t\t\t\t\t\tdata-type=\"text\"\n\t\t\t\t\t\t\t\tdata-color=\"#fff\"\n\t\t\t\t\t\t\t\tdata-rsp_ch=\"on\"\n\t\t\t\t\t\t\t\tdata-xy=\"xo:349px,305px,225px,138px;yo:530px,463px,343px,211px;\"\n\t\t\t\t\t\t\t\tdata-text=\"w:normal;s:61,53,39,24;l:90,78,57,35;fw:100;\"\n\t\t\t\t\t\t\t\tdata-dim=\"minh:0px,none,none,none;\"\n\t\t\t\t\t\t\t\tdata-frame_999=\"o:0;st:w;\"\n\t\t\t\t\t\t\t\tstyle=\"z-index:6;font-family:'Noto Sans JP';\"\n\t\t\t\t\t\t\t>Malerarbeiten \n\t\t\t\t\t\t\t<\/rs-layer><!--\n-->\t\t\t\t\t\t<\/rs-slide>\n\t\t\t\t\t\t<rs-slide style=\"position: absolute;\" data-key=\"rs-18\" data-title=\"Slide\" data-in=\"o:0;\" data-out=\"a:false;\">\n\t\t\t\t\t\t\t<img decoding=\"async\" src=\"\/\/alzoubi-malermeisterbetrieb.de\/wp-content\/plugins\/revslider\/public\/assets\/assets\/dummy.png\" alt=\"Slide\" title=\"Startseite\" class=\"rev-slidebg tp-rs-img rs-lazyload\" data-lazyload=\"\/\/alzoubi-malermeisterbetrieb.de\/wp-content\/plugins\/revslider\/public\/assets\/assets\/transparent.png\" data-parallax=\"off\" data-no-retina>\n<!--\n\t\t\t\t\t\t\t--><rs-layer\n\t\t\t\t\t\t\t\tid=\"slider-2-slide-18-layer-10\" \n\t\t\t\t\t\t\t\tdata-type=\"image\"\n\t\t\t\t\t\t\t\tdata-rsp_ch=\"on\"\n\t\t\t\t\t\t\t\tdata-xy=\"xo:-131px,-114px,-84px,-51px;yo:-127px,-111px,-82px,-50px;\"\n\t\t\t\t\t\t\t\tdata-text=\"w:normal;s:20,17,12,7;l:0,21,15,9;\"\n\t\t\t\t\t\t\t\tdata-dim=\"w:1533px,1341px,993px,612px;h:1375px,1203px,891px,549px;\"\n\t\t\t\t\t\t\t\tdata-frame_999=\"o:0;st:w;\"\n\t\t\t\t\t\t\t\tstyle=\"z-index:5;\"\n\t\t\t\t\t\t\t><img decoding=\"async\" src=\"\/\/alzoubi-malermeisterbetrieb.de\/wp-content\/plugins\/revslider\/public\/assets\/assets\/dummy.png\" alt=\"\" class=\"tp-rs-img rs-lazyload\" width=\"1195\" height=\"1072\" data-lazyload=\"\/\/alzoubi-malermeisterbetrieb.de\/wp-content\/uploads\/2025\/03\/srdftlonawrgf-1.jpg\" data-no-retina> \n\t\t\t\t\t\t\t<\/rs-layer><!--\n\n\t\t\t\t\t\t\t--><rs-layer\n\t\t\t\t\t\t\t\tid=\"slider-2-slide-18-layer-11\" \n\t\t\t\t\t\t\t\tdata-type=\"text\"\n\t\t\t\t\t\t\t\tdata-color=\"#fff\"\n\t\t\t\t\t\t\t\tdata-rsp_ch=\"on\"\n\t\t\t\t\t\t\t\tdata-xy=\"xo:27px,23px,17px,10px;yo:594px,519px,384px,236px;\"\n\t\t\t\t\t\t\t\tdata-text=\"w:normal;s:61,53,39,24;l:90,78,57,35;fw:100;\"\n\t\t\t\t\t\t\t\tdata-dim=\"w:896px,784px,580px,357px;minh:0px,none,none,none;\"\n\t\t\t\t\t\t\t\tdata-frame_999=\"o:0;st:w;\"\n\t\t\t\t\t\t\t\tstyle=\"z-index:6;font-family:'Noto Sans JP';\"\n\t\t\t\t\t\t\t>Trockenbau- und Verputzarbeiten \n\t\t\t\t\t\t\t<\/rs-layer><!--\n-->\t\t\t\t\t\t<\/rs-slide>\n\t\t\t\t\t\t<rs-slide style=\"position: absolute;\" data-key=\"rs-19\" data-title=\"Slide\" data-in=\"o:0;\" data-out=\"a:false;\">\n\t\t\t\t\t\t\t<img decoding=\"async\" src=\"\/\/alzoubi-malermeisterbetrieb.de\/wp-content\/plugins\/revslider\/public\/assets\/assets\/dummy.png\" alt=\"Slide\" title=\"Startseite\" class=\"rev-slidebg tp-rs-img rs-lazyload\" data-lazyload=\"\/\/alzoubi-malermeisterbetrieb.de\/wp-content\/plugins\/revslider\/public\/assets\/assets\/transparent.png\" data-parallax=\"off\" data-no-retina>\n<!--\n\t\t\t\t\t\t\t--><rs-layer\n\t\t\t\t\t\t\t\tid=\"slider-2-slide-19-layer-12\" \n\t\t\t\t\t\t\t\tdata-type=\"image\"\n\t\t\t\t\t\t\t\tdata-rsp_ch=\"on\"\n\t\t\t\t\t\t\t\tdata-xy=\"xo:-156px,-136px,-100px,-61px;yo:-93px,-81px,-60px,-37px;\"\n\t\t\t\t\t\t\t\tdata-text=\"w:normal;s:20,17,12,7;l:0,21,15,9;\"\n\t\t\t\t\t\t\t\tdata-dim=\"w:1600px,1400px,1037px,639px;h:1200px,1050px,778px,480px;\"\n\t\t\t\t\t\t\t\tdata-frame_999=\"o:0;st:w;\"\n\t\t\t\t\t\t\t\tstyle=\"z-index:5;\"\n\t\t\t\t\t\t\t><img decoding=\"async\" src=\"\/\/alzoubi-malermeisterbetrieb.de\/wp-content\/plugins\/revslider\/public\/assets\/assets\/dummy.png\" alt=\"\" class=\"tp-rs-img rs-lazyload\" width=\"1600\" height=\"1200\" data-lazyload=\"\/\/alzoubi-malermeisterbetrieb.de\/wp-content\/uploads\/2025\/03\/5642f635-3238-48f3-b6dc-94c29b46c70d-1.jpeg\" data-no-retina> \n\t\t\t\t\t\t\t<\/rs-layer><!--\n\n\t\t\t\t\t\t\t--><rs-layer\n\t\t\t\t\t\t\t\tid=\"slider-2-slide-19-layer-13\" \n\t\t\t\t\t\t\t\tdata-type=\"text\"\n\t\t\t\t\t\t\t\tdata-color=\"#fff\"\n\t\t\t\t\t\t\t\tdata-bsh=\"h:5px,4px,2px,1px;b:10px,8px,5px,3px;\"\n\t\t\t\t\t\t\t\tdata-tsh=\"c:rgba(0,0,0,0.75);v:10px,8px,5px,3px;b:10px,8px,5px,3px;\"\n\t\t\t\t\t\t\t\tdata-rsp_ch=\"on\"\n\t\t\t\t\t\t\t\tdata-xy=\"xo:610px,533px,394px,243px;yo:21px,18px,13px,8px;\"\n\t\t\t\t\t\t\t\tdata-text=\"w:normal;s:61,53,39,24;l:90,78,57,35;fw:100;\"\n\t\t\t\t\t\t\t\tdata-dim=\"w:550px,481px,356px,219px;h:121px,105px,77px,47px;minh:0px,none,none,none;\"\n\t\t\t\t\t\t\t\tdata-frame_999=\"o:0;st:w;\"\n\t\t\t\t\t\t\t\tstyle=\"z-index:6;font-family:'Noto Sans JP';\"\n\t\t\t\t\t\t\t>Fassadenarbeiten \n\t\t\t\t\t\t\t<\/rs-layer><!--\n-->\t\t\t\t\t\t<\/rs-slide>\n\t\t\t\t\t\t<rs-slide style=\"position: absolute;\" data-key=\"rs-20\" data-title=\"Slide\" data-in=\"o:0;\" data-out=\"a:false;\">\n\t\t\t\t\t\t\t<img decoding=\"async\" src=\"\/\/alzoubi-malermeisterbetrieb.de\/wp-content\/plugins\/revslider\/public\/assets\/assets\/dummy.png\" alt=\"Slide\" title=\"Startseite\" class=\"rev-slidebg tp-rs-img rs-lazyload\" data-lazyload=\"\/\/alzoubi-malermeisterbetrieb.de\/wp-content\/plugins\/revslider\/public\/assets\/assets\/transparent.png\" data-parallax=\"off\" data-no-retina>\n<!--\n\t\t\t\t\t\t\t--><rs-layer\n\t\t\t\t\t\t\t\tid=\"slider-2-slide-20-layer-15\" \n\t\t\t\t\t\t\t\tdata-type=\"image\"\n\t\t\t\t\t\t\t\tdata-rsp_ch=\"on\"\n\t\t\t\t\t\t\t\tdata-xy=\"xo:-200px,-170px,-129px,-79px;yo:-666px,-568px,-431px,-265px;\"\n\t\t\t\t\t\t\t\tdata-text=\"w:normal;s:20,17,12,7;l:0,21,15,9;\"\n\t\t\t\t\t\t\t\tdata-dim=\"w:1515px,1292px,981px,605px;h:2020px,1723px,1309px,807px;\"\n\t\t\t\t\t\t\t\tdata-frame_999=\"o:0;st:w;\"\n\t\t\t\t\t\t\t\tstyle=\"z-index:5;\"\n\t\t\t\t\t\t\t><img decoding=\"async\" src=\"\/\/alzoubi-malermeisterbetrieb.de\/wp-content\/plugins\/revslider\/public\/assets\/assets\/dummy.png\" alt=\"\" class=\"tp-rs-img rs-lazyload\" width=\"768\" height=\"1024\" data-lazyload=\"\/\/alzoubi-malermeisterbetrieb.de\/wp-content\/uploads\/2025\/03\/PHOTO-2023-06-08-20-41-17-768x1024-1.jpg\" data-no-retina> \n\t\t\t\t\t\t\t<\/rs-layer><!--\n\n\t\t\t\t\t\t\t--><rs-layer\n\t\t\t\t\t\t\t\tid=\"slider-2-slide-20-layer-19\" \n\t\t\t\t\t\t\t\tdata-type=\"text\"\n\t\t\t\t\t\t\t\tdata-color=\"#fff\"\n\t\t\t\t\t\t\t\tdata-rsp_ch=\"on\"\n\t\t\t\t\t\t\t\tdata-xy=\"xo:614px,523px,397px,244px;yo:80px,68px,51px,31px;\"\n\t\t\t\t\t\t\t\tdata-text=\"w:normal;s:61,52,39,24;l:90,76,57,35;fw:100;\"\n\t\t\t\t\t\t\t\tdata-dim=\"minh:0px,none,none,none;\"\n\t\t\t\t\t\t\t\tdata-frame_999=\"o:0;st:w;\"\n\t\t\t\t\t\t\t\tstyle=\"z-index:8;font-family:'Noto Sans JP';\"\n\t\t\t\t\t\t\t>Altbausanierungen \n\t\t\t\t\t\t\t<\/rs-layer><!--\n-->\t\t\t\t\t\t<\/rs-slide>\n\t\t\t\t\t<\/rs-slides>\n\t\t\t\t<\/rs-module>\n\t\t\t\t<script>\n\t\t\t\t\tsetREVStartSize({c: 'rev_slider_2_1',rl:[1240,1024,778,480],el:[850,768,960,720],gw:[1200,1050,778,480],gh:[850,768,960,720],type:'standard',justify:'',layout:'fullwidth',mh:\"0\"});if (window.RS_MODULES!==undefined && window.RS_MODULES.modules!==undefined && window.RS_MODULES.modules[\"revslider21\"]!==undefined) {window.RS_MODULES.modules[\"revslider21\"].once = false;window.revapi2 = undefined;if (window.RS_MODULES.checkMinimal!==undefined) window.RS_MODULES.checkMinimal()}\n\t\t\t\t<\/script>\n\t\t\t<\/rs-module-wrap>\n\t\t\t<!-- END REVOLUTION SLIDER -->\n<\/div>\n\n\n\n<h2 class=\"wp-block-heading has-text-align-center\">Herzlich Willkommen bei der Al Zoubi Malermeisterbetrieb GmbH!<\/h2>\n\n\n<p style=\"text-align: center;\">Bei uns steht nicht nur die \u00e4sthetische Ver\u00e4nderung Ihrer R\u00e4ume und Immobilien im Vordergrund, sondern auch die langj\u00e4hrige Erfahrung, mit der wir jedes Projekt mit h\u00f6chster Pr\u00e4zision und Sorgfalt ausf\u00fchren.<\/p>\n\n\n<hr class=\"wp-block-separator has-alpha-channel-opacity is-style-wide\"\/>\n\n\n\n<div class=\"wp-block-media-text is-stacked-on-mobile\" style=\"grid-template-columns:26% auto\"><figure class=\"wp-block-media-text__media\"><img loading=\"lazy\" decoding=\"async\" width=\"768\" height=\"1024\" src=\"https:\/\/alzoubi-malermeisterbetrieb.de\/wp-content\/uploads\/2025\/03\/IMG_2907-1-768x1024.jpeg\" alt=\"\" class=\"wp-image-2676 size-full\" srcset=\"https:\/\/alzoubi-malermeisterbetrieb.de\/wp-content\/uploads\/2025\/03\/IMG_2907-1-768x1024.jpeg 768w, https:\/\/alzoubi-malermeisterbetrieb.de\/wp-content\/uploads\/2025\/03\/IMG_2907-1-225x300.jpeg 225w, https:\/\/alzoubi-malermeisterbetrieb.de\/wp-content\/uploads\/2025\/03\/IMG_2907-1-1152x1536.jpeg 1152w, https:\/\/alzoubi-malermeisterbetrieb.de\/wp-content\/uploads\/2025\/03\/IMG_2907-1-1536x2048.jpeg 1536w, https:\/\/alzoubi-malermeisterbetrieb.de\/wp-content\/uploads\/2025\/03\/IMG_2907-1-scaled.jpeg 1920w\" sizes=\"auto, (max-width: 768px) 100vw, 768px\" \/><\/figure><div class=\"wp-block-media-text__content\">\n<h2 class=\"wp-block-heading\">Unsere Leistungen:<\/h2>\n\n\n\n<ul class=\"wp-block-list\">\n<li>Malerarbeiten<\/li>\n\n\n\n<li>Lackierarbeiten<\/li>\n\n\n\n<li>Verputzarbeiten<\/li>\n\n\n\n<li>Trockenbauarbeiten<\/li>\n\n\n\n<li>Altbausanierungen<\/li>\n\n\n\n<li>Fassadenarbeiten<\/li>\n\n\n\n<li>Bodenbelagsarbeiten<\/li>\n<\/ul>\n\n\n\n<p><\/p>\n<\/div><\/div>\n\n\n\n<div class=\"wp-block-group alignfull has-background is-layout-flow wp-block-group-is-layout-flow\" style=\"background-color:#f2f0e9\">\n<div style=\"height:70px\" aria-hidden=\"true\" class=\"wp-block-spacer\"><\/div>\n\n\n\n<div class=\"wp-block-columns alignwide are-vertically-aligned-center is-layout-flex wp-container-core-columns-is-layout-1 wp-block-columns-is-layout-flex\">\n<div class=\"wp-block-column is-layout-flow wp-block-column-is-layout-flow\" style=\"flex-basis:50%\">\n<p class=\"has-text-color\" style=\"color:#000000;font-size:30px;line-height:1.1\"><strong>Warum wir?<\/strong><\/p>\n<\/div>\n<\/div>\n\n\n\n<div class=\"wp-block-columns alignwide is-layout-flex wp-container-core-columns-is-layout-2 wp-block-columns-is-layout-flex\">\n<div class=\"wp-block-column is-layout-flow wp-block-column-is-layout-flow\">\n<figure class=\"wp-block-image aligncenter size-full is-resized\"><img loading=\"lazy\" decoding=\"async\" width=\"768\" height=\"1024\" src=\"https:\/\/alzoubi-malermeisterbetrieb.de\/wp-content\/uploads\/2025\/03\/PHOTO-2023-06-08-20-41-17-768x1024-1.jpg\" alt=\"\" class=\"wp-image-2687\" style=\"width:280px;height:auto\" srcset=\"https:\/\/alzoubi-malermeisterbetrieb.de\/wp-content\/uploads\/2025\/03\/PHOTO-2023-06-08-20-41-17-768x1024-1.jpg 768w, https:\/\/alzoubi-malermeisterbetrieb.de\/wp-content\/uploads\/2025\/03\/PHOTO-2023-06-08-20-41-17-768x1024-1-225x300.jpg 225w\" sizes=\"auto, (max-width: 768px) 100vw, 768px\" \/><\/figure>\n<\/div>\n\n\n\n<div class=\"wp-block-column is-layout-flow wp-block-column-is-layout-flow\">\n<p class=\"has-text-color has-extra-small-font-size\" style=\"color:#000000\">Als junges Unternehmen legen wir gr\u00f6\u00dften Wert auf Qualit\u00e4t und Professionalit\u00e4t. Unser Team aus erfahrenen Mitarbeitern arbeitet mit modernen Techniken und hochwertigen Materialien, um Ihnen Ergebnisse zu liefern, die sowohl optisch als auch funktional \u00fcberzeugen. Wir verstehen uns nicht nur als Dienstleister, sondern als Partner, der Ihre W\u00fcnsche und Vorstellungen in die Realit\u00e4t umsetzt. Wir wissen, dass der erste Eindruck entscheidend ist. Daher setzten wir alles daran dass Ihre R\u00e4ume nicht nur sauber und professionell gestrichen werden, sondern auch lange in Top-Zustand bleiben. Wir beraten Sie gerne zu den besten Materialien und Techniken, damit Ihre W\u00e4nde und Oberfl\u00e4chen bestm\u00f6glich gesch\u00fctzt sind<\/p>\n<\/div>\n\n\n\n<div class=\"wp-block-column is-layout-flow wp-block-column-is-layout-flow\">\n<p class=\"has-text-color has-extra-small-font-size\" style=\"color:#000000\">und Ihnen \u00fcber Jahre hinweg Freude bereiten. Wir bilden uns stets weiter und sind regelm\u00e4\u00dfig im Austausch mit Experten f\u00fcr Materialien und Farben. Lassen Sie uns gemeinsam Ihre Projekte verwirklichen! Ob gro\u00df oder klein, wir stehen Ihnen mit Rat und Tat zur Seite und setzen Ihre Ideen professionell um.<\/p>\n\n\n\n<p class=\"has-text-color has-extra-small-font-size\" style=\"color:#000000\">\u00dcberzeugen Sie sich selbst von unserer Arbeit und lassen Sie sich von unseren Referenzen inspirieren.<\/p>\n\n\n\n<p class=\"has-text-color has-extra-small-font-size\" style=\"color:#000000\">Wir freuen uns auf Ihre Anfrage!<\/p>\n\n\n\n<p><\/p>\n<\/div>\n<\/div>\n\n\n\n<div style=\"height:40px\" aria-hidden=\"true\" class=\"wp-block-spacer\"><\/div>\n<\/div>\n\n\n\n<figure class=\"wp-block-pullquote\"><blockquote><p>Es gibt Maler, die die Sonne in einen gelben Fleck verwandeln. Es gibt aber andere, die dank ihrer Kunst und Intelligenz einen gelben Fleck in die Sonne verwandeln k\u00f6nnen.<\/p><cite>&#8211; Pablo Picasso<\/cite><\/blockquote><\/figure>\n","protected":false},"excerpt":{"rendered":"<p>Herzlich Willkommen bei der Al Zoubi Malermeisterbetrieb GmbH! Bei uns steht nicht nur die \u00e4sthetische Ver\u00e4nderung Ihrer R\u00e4ume und Immobilien [&hellip;]<\/p>\n","protected":false},"author":2,"featured_media":0,"parent":0,"menu_order":0,"comment_status":"closed","ping_status":"closed","template":"","meta":{"site-sidebar-layout":"default","site-content-layout":"","ast-site-content-layout":"","site-content-style":"default","site-sidebar-style":"default","ast-global-header-display":"","ast-banner-title-visibility":"","ast-main-header-display":"","ast-hfb-above-header-display":"","ast-hfb-below-header-display":"","ast-hfb-mobile-header-display":"","site-post-title":"disabled","ast-breadcrumbs-content":"","ast-featured-img":"","footer-sml-layout":"","theme-transparent-header-meta":"","adv-header-id-meta":"","stick-header-meta":"","header-above-stick-meta":"","header-main-stick-meta":"","header-below-stick-meta":"","astra-migrate-meta-layouts":"default","ast-page-background-enabled":"default","ast-page-background-meta":{"desktop":{"background-color":"var(--ast-global-color-5)","background-image":"","background-repeat":"repeat","background-position":"center center","background-size":"auto","background-attachment":"scroll","background-type":"","background-media":"","overlay-type":"","overlay-color":"","overlay-opacity":"","overlay-gradient":""},"tablet":{"background-color":"","background-image":"","background-repeat":"repeat","background-position":"center center","background-size":"auto","background-attachment":"scroll","background-type":"","background-media":"","overlay-type":"","overlay-color":"","overlay-opacity":"","overlay-gradient":""},"mobile":{"background-color":"","background-image":"","background-repeat":"repeat","background-position":"center center","background-size":"auto","background-attachment":"scroll","background-type":"","background-media":"","overlay-type":"","overlay-color":"","overlay-opacity":"","overlay-gradient":""}},"ast-content-background-meta":{"desktop":{"background-color":"var(--ast-global-color-4)","background-image":"","background-repeat":"repeat","background-position":"center center","background-size":"auto","background-attachment":"scroll","background-type":"","background-media":"","overlay-type":"","overlay-color":"","overlay-opacity":"","overlay-gradient":""},"tablet":{"background-color":"var(--ast-global-color-4)","background-image":"","background-repeat":"repeat","background-position":"center center","background-size":"auto","background-attachment":"scroll","background-type":"","background-media":"","overlay-type":"","overlay-color":"","overlay-opacity":"","overlay-gradient":""},"mobile":{"background-color":"var(--ast-global-color-4)","background-image":"","background-repeat":"repeat","background-position":"center center","background-size":"auto","background-attachment":"scroll","background-type":"","background-media":"","overlay-type":"","overlay-color":"","overlay-opacity":"","overlay-gradient":""}},"footnotes":""},"class_list":["post-16","page","type-page","status-publish","hentry"],"_links":{"self":[{"href":"https:\/\/alzoubi-malermeisterbetrieb.de\/index.php?rest_route=\/wp\/v2\/pages\/16","targetHints":{"allow":["GET"]}}],"collection":[{"href":"https:\/\/alzoubi-malermeisterbetrieb.de\/index.php?rest_route=\/wp\/v2\/pages"}],"about":[{"href":"https:\/\/alzoubi-malermeisterbetrieb.de\/index.php?rest_route=\/wp\/v2\/types\/page"}],"author":[{"embeddable":true,"href":"https:\/\/alzoubi-malermeisterbetrieb.de\/index.php?rest_route=\/wp\/v2\/users\/2"}],"replies":[{"embeddable":true,"href":"https:\/\/alzoubi-malermeisterbetrieb.de\/index.php?rest_route=%2Fwp%2Fv2%2Fcomments&post=16"}],"version-history":[{"count":75,"href":"https:\/\/alzoubi-malermeisterbetrieb.de\/index.php?rest_route=\/wp\/v2\/pages\/16\/revisions"}],"predecessor-version":[{"id":2778,"href":"https:\/\/alzoubi-malermeisterbetrieb.de\/index.php?rest_route=\/wp\/v2\/pages\/16\/revisions\/2778"}],"wp:attachment":[{"href":"https:\/\/alzoubi-malermeisterbetrieb.de\/index.php?rest_route=%2Fwp%2Fv2%2Fmedia&parent=16"}],"curies":[{"name":"wp","href":"https:\/\/api.w.org\/{rel}","templated":true}]}}